{"id":23,"date":"2017-08-17T13:51:42","date_gmt":"2017-08-17T13:51:42","guid":{"rendered":"http:\/\/fundacionprointegra.org.uy\/wp\/?page_id=23"},"modified":"2017-08-18T18:09:32","modified_gmt":"2017-08-18T18:09:32","slug":"mision-y-vision","status":"publish","type":"page","link":"https:\/\/fundacionprointegra.org.uy\/?page_id=23","title":{"rendered":"Objetivos"},"content":{"rendered":"<p>Entre los objetivos que se persiguen en nuestra instituci\u00f3n, se destacan los siguientes:<\/p>\n<ul>\n<li>Promover, desarrollar y potenciar todas aquellas actividades que ayuden a lograr una adecuada formaci\u00f3n e integraci\u00f3n de las personas con D.I., tanto a nivel familiar, como laboral y social.<\/li>\n<li>Apoyar, orientar e informar a los padres, familiares y profesionales que atienden a estas personas y trabajan con ellas.<\/li>\n<li>Presentar a la sociedad la realidad de personas con D.I. con el fin de facilitar su plena integraci\u00f3n<\/li>\n<\/ul>\n<p>En definitiva, trabajamos por la calidad de vida de las personas con D.I., entendiendo por tal: que desarrollen todas sus potencialidades para llegar a ser lo m\u00e1s aut\u00f3nomos e independientes posibles y que disfruten de todos sus derechos.<\/p>\n<p>Es as\u00ed, que podemos concluir que <strong><em>el objetivo general del Programa es la mejora de la calidad de vida de las personas con discapacidad ofreciendo un servicio para la inclusi\u00f3n social y laboral en un entorno saludable.<\/em><\/strong><\/p>\n<p>Calidad de vida supone la satisfacci\u00f3n de necesidades b\u00e1sicas y de aquellas relacionadas con preferencias y aspiraciones personales, el logro de bienestar f\u00edsico, emocional y material, establecimiento de relaciones interpersonales saludables y gratificantes, acceso y participaci\u00f3n al mundo de la cultura y ejercicio de derechos desde los niveles m\u00e1s amplios posibles de autodeterminaci\u00f3n y autonom\u00eda que pueda alcanzar la persona.<\/p>\n<h3><strong>MISI\u00d3N<\/strong><\/h3>\n<p>Proporcionar ayudas para la formaci\u00f3n e inserci\u00f3n social y laboral a personas con discapacidad intelectual para mejorar su calidad de vida, la de sus familias y la de la comunidad en la que se desarrollan.<\/p>\n<h3><strong>V<\/strong><strong>ISI\u00d3N<\/strong><\/h3>\n<p>Generar un espacio social de promoci\u00f3n y ayuda en su desarrollo personal y en su inclusi\u00f3n laboral.<\/p>\n<p>Desarrollamos diversas acciones para contribuir al conocimiento sobre la discapacidad y la inserci\u00f3n social de calidad de estas personas, en un marco de compromiso y respeto.<\/p>\n","protected":false},"excerpt":{"rendered":"<p>Entre los objetivos que se persiguen en nuestra instituci\u00f3n, se destacan los siguientes: Promover, desarrollar y potenciar todas aquellas actividades que ayuden a lograr una adecuada formaci\u00f3n e integraci\u00f3n de las personas con D.I., tanto a nivel familiar, como laboral y social. Apoyar, orientar e informar a los padres, familiares y profesionales que atienden a [&hellip;]<\/p>\n","protected":false},"author":1,"featured_media":0,"parent":0,"menu_order":0,"comment_status":"closed","ping_status":"closed","template":"","meta":[],"_links":{"self":[{"href":"https:\/\/fundacionprointegra.org.uy\/index.php?rest_route=\/wp\/v2\/pages\/23"}],"collection":[{"href":"https:\/\/fundacionprointegra.org.uy\/index.php?rest_route=\/wp\/v2\/pages"}],"about":[{"href":"https:\/\/fundacionprointegra.org.uy\/index.php?rest_route=\/wp\/v2\/types\/page"}],"author":[{"embeddable":true,"href":"https:\/\/fundacionprointegra.org.uy\/index.php?rest_route=\/wp\/v2\/users\/1"}],"replies":[{"embeddable":true,"href":"https:\/\/fundacionprointegra.org.uy\/index.php?rest_route=%2Fwp%2Fv2%2Fcomments&post=23"}],"version-history":[{"count":2,"href":"https:\/\/fundacionprointegra.org.uy\/index.php?rest_route=\/wp\/v2\/pages\/23\/revisions"}],"predecessor-version":[{"id":96,"href":"https:\/\/fundacionprointegra.org.uy\/index.php?rest_route=\/wp\/v2\/pages\/23\/revisions\/96"}],"wp:attachment":[{"href":"https:\/\/fundacionprointegra.org.uy\/index.php?rest_route=%2Fwp%2Fv2%2Fmedia&parent=23"}],"curies":[{"name":"wp","href":"https:\/\/api.w.org\/{rel}","templated":true}]}}